{"id":38,"date":"2014-10-06T16:07:01","date_gmt":"2014-10-06T14:07:01","guid":{"rendered":"http:\/\/www.neurologie.li\/home\/?page_id=38"},"modified":"2016-11-28T15:51:15","modified_gmt":"2016-11-28T13:51:15","slug":"seite-3","status":"publish","type":"page","link":"https:\/\/neurologie.li\/?page_id=38","title":{"rendered":"Unser Leistungsangebot"},"content":{"rendered":"<p>ngg_shortcode_0_placeholderAbkl\u00e4rung und Behandlung s\u00e4mtlicher neurologischer Erkrankungen<\/p>\n<p><strong>Praxisschwerpunkte und angebotene Spezialuntersuchungen<br \/>\n<\/strong><br \/>\n<strong>Diagnostik von Erkrankungen der peripheren Nerven, Nervenwurzeln, der Muskulatur und des R\u00fcckenmarks<br \/>\n<\/strong><br \/>\nElektroneurographie (ENG), Elektromyographie(EMG), Ultraschalluntersuchung von Nerven und Muskeln, somatosensibel evozierte Potentiale(SEP)<\/p>\n<p><strong>Diagnostik von R\u00fcckenmarkserkrankungen und Funktionsst\u00f6rungen des Gehirns<br \/>\n<\/strong><br \/>\nEEG(Hirnstr\u00f6me), Dopplersonographie\/Ultraschall der Halsschlagadern(Hirndrurchblutung), visuell evozierte Potentiale(VEP), akustisch evozierte Potentiale(AEP), somatosensible und motorisch evozierte Potentiale(SEP und MEP)<\/p>\n<p><strong>Diagnostik von Schwindel ,Gleichgewichts-und Bewegungsst\u00f6rungen<br \/>\n<\/strong><br \/>\nVideonystagmographie\/ Kopfimpuls-und Lagerungstest\/ erweitertes Schwindellabor zur Diagnostik von Bewegungsst\u00f6rungen der Augen<br \/>\nBotox-Therapie bei Dystonie (keine kosmetischen Behandlungen)<\/p>\n<p><strong>Kopfschmerzen<br \/>\n<\/strong><br \/>\nDiagnostik\/ Therapieempfehlung Medikamente und nichtmedikament\u00f6se Massnahmen\/ Botox bei schwerer chronischer Migr\u00e4ne (Kosten\u00fcbernahme durch Krankenkasse bei Botox nur teilweise)<\/p>\n<p><strong>Hirnleistungsst\u00f6rungen\/\u201cAltersvergesslichkeit\u201c\/Demenz<br \/>\n<\/strong><br \/>\nAnamneseerhebung vorzugsweise mit vertrauter\/nahestehender Begleitperson, ausf\u00fchrliche Testung nach den Standards der Schweizer Memory-clinics (erweiterte CERAD-Batterie); zus\u00e4tzliche Tests nach Bedarf und Fragestellung; f\u00fcr die statistische Auswertung steht mir die Datenbank der Memory-clinic Basel zur Verf\u00fcgung \u2013 alters-, geschlechts-und auf Ausbildung bezogene Standardwerte).<\/p>\n<p>Nach der Testung M\u00f6glichkeit zur Besprechung der Resultate und Prognose, Behandlungsm\u00f6glichkeiten, Entscheidung \u00fcber sinnvolle Zusatzuntersuchungen (k\u00f6rperliche Untersuchung, Labor, MRI, Hirndurchblutung, EEG usw.)<\/p>\n<p><strong>Entz\u00fcndliche Erkrankungen des Nervensystems<br \/>\n<\/strong><br \/>\nz.B. Multiple Sklerose, Neuroborrelliose<\/p>\n","protected":false},"excerpt":{"rendered":"<p>Abkl\u00e4rung und Behandlung s\u00e4mtlicher neurologischer Erkrankungen Praxisschwerpunkte und angebotene Spezialuntersuchungen Diagnostik von Erkrankungen der peripheren Nerven, Nervenwurzeln, der Muskulatur und des R\u00fcckenmarks Elektroneurographie (ENG), Elektromyographie(EMG), Ultraschalluntersuchung von Nerven und Muskeln, somatosensibel evozierte Potentiale(SEP) Diagnostik von R\u00fcckenmarkserkrankungen und Funktionsst\u00f6rungen des Gehirns EEG(Hirnstr\u00f6me), Dopplersonographie\/Ultraschall der Halsschlagadern(Hirndrurchblutung), visuell evozierte Potentiale(VEP), akustisch evozierte Potentiale(AEP), somatosensible und motorisch evozierte Potentiale(SEP &hellip;<\/p>\n","protected":false},"author":1,"featured_media":0,"parent":0,"menu_order":30,"comment_status":"closed","ping_status":"closed","template":"","meta":{"ngg_post_thumbnail":0,"footnotes":""},"class_list":["post-38","page","type-page","status-publish","hentry"],"_links":{"self":[{"href":"https:\/\/neurologie.li\/index.php?rest_route=\/wp\/v2\/pages\/38","targetHints":{"allow":["GET"]}}],"collection":[{"href":"https:\/\/neurologie.li\/index.php?rest_route=\/wp\/v2\/pages"}],"about":[{"href":"https:\/\/neurologie.li\/index.php?rest_route=\/wp\/v2\/types\/page"}],"author":[{"embeddable":true,"href":"https:\/\/neurologie.li\/index.php?rest_route=\/wp\/v2\/users\/1"}],"replies":[{"embeddable":true,"href":"https:\/\/neurologie.li\/index.php?rest_route=%2Fwp%2Fv2%2Fcomments&post=38"}],"version-history":[{"count":7,"href":"https:\/\/neurologie.li\/index.php?rest_route=\/wp\/v2\/pages\/38\/revisions"}],"predecessor-version":[{"id":115,"href":"https:\/\/neurologie.li\/index.php?rest_route=\/wp\/v2\/pages\/38\/revisions\/115"}],"wp:attachment":[{"href":"https:\/\/neurologie.li\/index.php?rest_route=%2Fwp%2Fv2%2Fmedia&parent=38"}],"curies":[{"name":"wp","href":"https:\/\/api.w.org\/{rel}","templated":true}]}}