{"id":31,"date":"2014-10-06T15:48:25","date_gmt":"2014-10-06T13:48:25","guid":{"rendered":"http:\/\/www.neurologie.li\/home\/?page_id=31"},"modified":"2024-01-17T20:49:16","modified_gmt":"2024-01-17T18:49:16","slug":"seite-2","status":"publish","type":"page","link":"https:\/\/neurologie.li\/","title":{"rendered":"Guten Tag"},"content":{"rendered":"<p>ngg_shortcode_0_placeholderIch begr\u00fcsse<br \/>\nSie herzlich auf der Homepage der neurologischen Facharztpraxis:<\/p>\n<p>Dr. Michael Carl K\u00f6hler<br \/>\n<span lang=\"DE-CH\">Wiesengass 2<\/span><br \/>\nFL-9494 Schaan<\/p>\n<p>im F\u00fcrstentum Liechtenstein<\/p>\n","protected":false},"excerpt":{"rendered":"<p>Ich begr\u00fcsse Sie herzlich auf der Homepage der neurologischen Facharztpraxis: Dr. Michael Carl K\u00f6hler Wiesengass 2 FL-9494 Schaan im F\u00fcrstentum Liechtenstein<\/p>\n","protected":false},"author":1,"featured_media":0,"parent":0,"menu_order":10,"comment_status":"closed","ping_status":"closed","template":"","meta":{"ngg_post_thumbnail":0,"footnotes":""},"class_list":["post-31","page","type-page","status-publish","hentry"],"_links":{"self":[{"href":"https:\/\/neurologie.li\/index.php?rest_route=\/wp\/v2\/pages\/31","targetHints":{"allow":["GET"]}}],"collection":[{"href":"https:\/\/neurologie.li\/index.php?rest_route=\/wp\/v2\/pages"}],"about":[{"href":"https:\/\/neurologie.li\/index.php?rest_route=\/wp\/v2\/types\/page"}],"author":[{"embeddable":true,"href":"https:\/\/neurologie.li\/index.php?rest_route=\/wp\/v2\/users\/1"}],"replies":[{"embeddable":true,"href":"https:\/\/neurologie.li\/index.php?rest_route=%2Fwp%2Fv2%2Fcomments&post=31"}],"version-history":[{"count":24,"href":"https:\/\/neurologie.li\/index.php?rest_route=\/wp\/v2\/pages\/31\/revisions"}],"predecessor-version":[{"id":9154,"href":"https:\/\/neurologie.li\/index.php?rest_route=\/wp\/v2\/pages\/31\/revisions\/9154"}],"wp:attachment":[{"href":"https:\/\/neurologie.li\/index.php?rest_route=%2Fwp%2Fv2%2Fmedia&parent=31"}],"curies":[{"name":"wp","href":"https:\/\/api.w.org\/{rel}","templated":true}]}}